{"id":174,"date":"2020-01-02T09:24:12","date_gmt":"2020-01-02T09:24:12","guid":{"rendered":"http:\/\/localhost:8001\/?page_id=174"},"modified":"2026-03-17T14:21:05","modified_gmt":"2026-03-17T12:21:05","slug":"titulinis","status":"publish","type":"page","link":"https:\/\/galio.lt\/lt\/","title":{"rendered":"Titulinis"},"content":{"rendered":"<h1>Nauji butai Vilniuje<\/h1>\n","protected":false},"excerpt":{"rendered":"<p>Nauji butai Vilniuje<\/p>\n","protected":false},"author":1,"featured_media":3951,"parent":0,"menu_order":0,"comment_status":"closed","ping_status":"closed","template":"index.php","meta":{"_acf_changed":false,"footnotes":""},"class_list":["post-174","page","type-page","status-publish","has-post-thumbnail","hentry"],"acf":[],"yoast_head":"<!-- This site is optimized with the Yoast SEO plugin v23.6 - https:\/\/yoast.com\/wordpress\/plugins\/seo\/ -->\n<title>Nauji butai Vilniuje | Patalpos biurams | GALIO GROUP<\/title>\n<meta name=\"description\" content=\"Parduodami nauji butai Vilniuje ir patalpos biurams verslo centruose: apgalvotas i\u0161planavimas, patogi infrastrukt\u016bra. Pa\u017eangios erdv\u0117s gyvenimui ir darbui.\" \/>\n<meta name=\"robots\" content=\"index, follow, max-snippet:-1, max-image-preview:large, max-video-preview:-1\" \/>\n<link rel=\"canonical\" href=\"https:\/\/galio.lt\/lt\/\" \/>\n<meta property=\"og:locale\" content=\"lt_LT\" \/>\n<meta property=\"og:type\" content=\"article\" \/>\n<meta property=\"og:title\" content=\"Nauji butai Vilniuje | Patalpos biurams | GALIO GROUP\" \/>\n<meta property=\"og:description\" content=\"Parduodami nauji butai Vilniuje ir patalpos biurams verslo centruose: apgalvotas i\u0161planavimas, patogi infrastrukt\u016bra. Pa\u017eangios erdv\u0117s gyvenimui ir darbui.\" \/>\n<meta property=\"og:url\" content=\"https:\/\/galio.lt\/lt\/\" \/>\n<meta property=\"og:site_name\" content=\"Galio group\" \/>\n<meta property=\"article:modified_time\" content=\"2026-03-17T12:21:05+00:00\" \/>\n<meta property=\"og:image\" content=\"https:\/\/galio.lt\/wp-content\/uploads\/2020\/02\/galio-og-img.png\" \/>\n\t<meta property=\"og:image:width\" content=\"1200\" \/>\n\t<meta property=\"og:image:height\" content=\"630\" \/>\n\t<meta property=\"og:image:type\" content=\"image\/png\" \/>\n<meta name=\"twitter:card\" content=\"summary_large_image\" \/>\n<meta name=\"twitter:label1\" content=\"Est. reading time\" \/>\n\t<meta name=\"twitter:data1\" content=\"1 minut\u0117\" \/>\n<script type=\"application\/ld+json\" class=\"yoast-schema-graph\">{\"@context\":\"https:\/\/schema.org\",\"@graph\":[{\"@type\":\"WebPage\",\"@id\":\"https:\/\/galio.lt\/lt\/\",\"url\":\"https:\/\/galio.lt\/lt\/\",\"name\":\"Nauji butai Vilniuje | Patalpos biurams | GALIO GROUP\",\"isPartOf\":{\"@id\":\"https:\/\/galio.lt\/lt\/#website\"},\"primaryImageOfPage\":{\"@id\":\"https:\/\/galio.lt\/lt\/#primaryimage\"},\"image\":{\"@id\":\"https:\/\/galio.lt\/lt\/#primaryimage\"},\"thumbnailUrl\":\"https:\/\/galio.lt\/wp-content\/uploads\/2020\/02\/galio-og-img.png\",\"datePublished\":\"2020-01-02T09:24:12+00:00\",\"dateModified\":\"2026-03-17T12:21:05+00:00\",\"description\":\"Parduodami nauji butai Vilniuje ir patalpos biurams verslo centruose: apgalvotas i\u0161planavimas, patogi infrastrukt\u016bra. Pa\u017eangios erdv\u0117s gyvenimui ir darbui.\",\"breadcrumb\":{\"@id\":\"https:\/\/galio.lt\/lt\/#breadcrumb\"},\"inLanguage\":\"lt-LT\",\"potentialAction\":[{\"@type\":\"ReadAction\",\"target\":[\"https:\/\/galio.lt\/lt\/\"]}]},{\"@type\":\"ImageObject\",\"inLanguage\":\"lt-LT\",\"@id\":\"https:\/\/galio.lt\/lt\/#primaryimage\",\"url\":\"https:\/\/galio.lt\/wp-content\/uploads\/2020\/02\/galio-og-img.png\",\"contentUrl\":\"https:\/\/galio.lt\/wp-content\/uploads\/2020\/02\/galio-og-img.png\",\"width\":1200,\"height\":630,\"caption\":\"galio real estate\"},{\"@type\":\"BreadcrumbList\",\"@id\":\"https:\/\/galio.lt\/lt\/#breadcrumb\",\"itemListElement\":[{\"@type\":\"ListItem\",\"position\":1,\"name\":\"Home\",\"item\":\"https:\/\/galio.lt\/lt\/\"},{\"@type\":\"ListItem\",\"position\":2,\"name\":\"Titulinis\"}]},{\"@type\":\"WebSite\",\"@id\":\"https:\/\/galio.lt\/lt\/#website\",\"url\":\"https:\/\/galio.lt\/lt\/\",\"name\":\"Galio group\",\"description\":\"Naujas vardas biur\u0173 ir but\u0173 rinkoje.\",\"publisher\":{\"@id\":\"https:\/\/galio.lt\/lt\/#organization\"},\"potentialAction\":[{\"@type\":\"SearchAction\",\"target\":{\"@type\":\"EntryPoint\",\"urlTemplate\":\"https:\/\/galio.lt\/lt\/?s={search_term_string}\"},\"query-input\":{\"@type\":\"PropertyValueSpecification\",\"valueRequired\":true,\"valueName\":\"search_term_string\"}}],\"inLanguage\":\"lt-LT\"},{\"@type\":\"Organization\",\"@id\":\"https:\/\/galio.lt\/lt\/#organization\",\"name\":\"Galio group\",\"url\":\"https:\/\/galio.lt\/lt\/\",\"logo\":{\"@type\":\"ImageObject\",\"inLanguage\":\"lt-LT\",\"@id\":\"https:\/\/galio.lt\/lt\/#\/schema\/logo\/image\/\",\"url\":\"https:\/\/galio.lt\/wp-content\/uploads\/2020\/01\/login-logo.png\",\"contentUrl\":\"https:\/\/galio.lt\/wp-content\/uploads\/2020\/01\/login-logo.png\",\"width\":1826,\"height\":551,\"caption\":\"Galio group\"},\"image\":{\"@id\":\"https:\/\/galio.lt\/lt\/#\/schema\/logo\/image\/\"}}]}<\/script>\n<!-- \/ Yoast SEO plugin. -->","yoast_head_json":{"title":"Nauji butai Vilniuje | Patalpos biurams | GALIO GROUP","description":"Parduodami nauji butai Vilniuje ir patalpos biurams verslo centruose: apgalvotas i\u0161planavimas, patogi infrastrukt\u016bra. Pa\u017eangios erdv\u0117s gyvenimui ir darbui.","robots":{"index":"index","follow":"follow","max-snippet":"max-snippet:-1","max-image-preview":"max-image-preview:large","max-video-preview":"max-video-preview:-1"},"canonical":"https:\/\/galio.lt\/lt\/","og_locale":"lt_LT","og_type":"article","og_title":"Nauji butai Vilniuje | Patalpos biurams | GALIO GROUP","og_description":"Parduodami nauji butai Vilniuje ir patalpos biurams verslo centruose: apgalvotas i\u0161planavimas, patogi infrastrukt\u016bra. Pa\u017eangios erdv\u0117s gyvenimui ir darbui.","og_url":"https:\/\/galio.lt\/lt\/","og_site_name":"Galio group","article_modified_time":"2026-03-17T12:21:05+00:00","og_image":[{"width":1200,"height":630,"url":"https:\/\/galio.lt\/wp-content\/uploads\/2020\/02\/galio-og-img.png","type":"image\/png"}],"twitter_card":"summary_large_image","twitter_misc":{"Est. reading time":"1 minut\u0117"},"schema":{"@context":"https:\/\/schema.org","@graph":[{"@type":"WebPage","@id":"https:\/\/galio.lt\/lt\/","url":"https:\/\/galio.lt\/lt\/","name":"Nauji butai Vilniuje | Patalpos biurams | GALIO GROUP","isPartOf":{"@id":"https:\/\/galio.lt\/lt\/#website"},"primaryImageOfPage":{"@id":"https:\/\/galio.lt\/lt\/#primaryimage"},"image":{"@id":"https:\/\/galio.lt\/lt\/#primaryimage"},"thumbnailUrl":"https:\/\/galio.lt\/wp-content\/uploads\/2020\/02\/galio-og-img.png","datePublished":"2020-01-02T09:24:12+00:00","dateModified":"2026-03-17T12:21:05+00:00","description":"Parduodami nauji butai Vilniuje ir patalpos biurams verslo centruose: apgalvotas i\u0161planavimas, patogi infrastrukt\u016bra. Pa\u017eangios erdv\u0117s gyvenimui ir darbui.","breadcrumb":{"@id":"https:\/\/galio.lt\/lt\/#breadcrumb"},"inLanguage":"lt-LT","potentialAction":[{"@type":"ReadAction","target":["https:\/\/galio.lt\/lt\/"]}]},{"@type":"ImageObject","inLanguage":"lt-LT","@id":"https:\/\/galio.lt\/lt\/#primaryimage","url":"https:\/\/galio.lt\/wp-content\/uploads\/2020\/02\/galio-og-img.png","contentUrl":"https:\/\/galio.lt\/wp-content\/uploads\/2020\/02\/galio-og-img.png","width":1200,"height":630,"caption":"galio real estate"},{"@type":"BreadcrumbList","@id":"https:\/\/galio.lt\/lt\/#breadcrumb","itemListElement":[{"@type":"ListItem","position":1,"name":"Home","item":"https:\/\/galio.lt\/lt\/"},{"@type":"ListItem","position":2,"name":"Titulinis"}]},{"@type":"WebSite","@id":"https:\/\/galio.lt\/lt\/#website","url":"https:\/\/galio.lt\/lt\/","name":"Galio group","description":"Naujas vardas biur\u0173 ir but\u0173 rinkoje.","publisher":{"@id":"https:\/\/galio.lt\/lt\/#organization"},"potentialAction":[{"@type":"SearchAction","target":{"@type":"EntryPoint","urlTemplate":"https:\/\/galio.lt\/lt\/?s={search_term_string}"},"query-input":{"@type":"PropertyValueSpecification","valueRequired":true,"valueName":"search_term_string"}}],"inLanguage":"lt-LT"},{"@type":"Organization","@id":"https:\/\/galio.lt\/lt\/#organization","name":"Galio group","url":"https:\/\/galio.lt\/lt\/","logo":{"@type":"ImageObject","inLanguage":"lt-LT","@id":"https:\/\/galio.lt\/lt\/#\/schema\/logo\/image\/","url":"https:\/\/galio.lt\/wp-content\/uploads\/2020\/01\/login-logo.png","contentUrl":"https:\/\/galio.lt\/wp-content\/uploads\/2020\/01\/login-logo.png","width":1826,"height":551,"caption":"Galio group"},"image":{"@id":"https:\/\/galio.lt\/lt\/#\/schema\/logo\/image\/"}}]}},"_links":{"self":[{"href":"https:\/\/galio.lt\/lt\/wp-json\/wp\/v2\/pages\/174"}],"collection":[{"href":"https:\/\/galio.lt\/lt\/wp-json\/wp\/v2\/pages"}],"about":[{"href":"https:\/\/galio.lt\/lt\/wp-json\/wp\/v2\/types\/page"}],"author":[{"embeddable":true,"href":"https:\/\/galio.lt\/lt\/wp-json\/wp\/v2\/users\/1"}],"replies":[{"embeddable":true,"href":"https:\/\/galio.lt\/lt\/wp-json\/wp\/v2\/comments?post=174"}],"version-history":[{"count":37,"href":"https:\/\/galio.lt\/lt\/wp-json\/wp\/v2\/pages\/174\/revisions"}],"predecessor-version":[{"id":28376,"href":"https:\/\/galio.lt\/lt\/wp-json\/wp\/v2\/pages\/174\/revisions\/28376"}],"wp:featuredmedia":[{"embeddable":true,"href":"https:\/\/galio.lt\/lt\/wp-json\/wp\/v2\/media\/3951"}],"wp:attachment":[{"href":"https:\/\/galio.lt\/lt\/wp-json\/wp\/v2\/media?parent=174"}],"curies":[{"name":"wp","href":"https:\/\/api.w.org\/{rel}","templated":true}]}}