{"id":25455,"date":"2024-09-09T16:44:16","date_gmt":"2024-09-09T14:44:16","guid":{"rendered":"https:\/\/staging.galio.lt\/?page_id=25455"},"modified":"2024-11-29T09:08:44","modified_gmt":"2024-11-29T07:08:44","slug":"xmas2024","status":"publish","type":"page","link":"https:\/\/galio.lt\/lt\/xmas2024\/","title":{"rendered":"xmas2024"},"content":{"rendered":"","protected":false},"excerpt":{"rendered":"","protected":false},"author":3,"featured_media":0,"parent":0,"menu_order":0,"comment_status":"closed","ping_status":"closed","template":"template-xmas.php","meta":{"_acf_changed":false,"footnotes":""},"class_list":["post-25455","page","type-page","status-publish","hentry"],"acf":[],"yoast_head":"<!-- This site is optimized with the Yoast SEO plugin v23.6 - https:\/\/yoast.com\/wordpress\/plugins\/seo\/ -->\n<title>Galio group - Kal\u0117dos 2024<\/title>\n<meta name=\"description\" content=\"GALIO GROUP netik\u0117tai prabilusi Kal\u0117d\u0173 egl\u0117 linki Jums stebukling\u0173 ir jauki\u0173 art\u0117jan\u010di\u0173 \u0161ven\u010di\u0173 ir s\u0117kming\u0173 Nauj\u0173j\u0173 met\u0173!\" \/>\n<meta name=\"robots\" content=\"index, follow, max-snippet:-1, max-image-preview:large, max-video-preview:-1\" \/>\n<link rel=\"canonical\" href=\"https:\/\/galio.lt\/lt\/xmas2024\/\" \/>\n<meta property=\"og:locale\" content=\"lt_LT\" \/>\n<meta property=\"og:type\" content=\"article\" \/>\n<meta property=\"og:title\" content=\"Galio group - Kal\u0117dos 2024\" \/>\n<meta property=\"og:description\" content=\"GALIO GROUP netik\u0117tai prabilusi Kal\u0117d\u0173 egl\u0117 linki Jums stebukling\u0173 ir jauki\u0173 art\u0117jan\u010di\u0173 \u0161ven\u010di\u0173 ir s\u0117kming\u0173 Nauj\u0173j\u0173 met\u0173!\" \/>\n<meta property=\"og:url\" content=\"https:\/\/galio.lt\/lt\/xmas2024\/\" \/>\n<meta property=\"og:site_name\" content=\"Galio group\" \/>\n<meta property=\"article:modified_time\" content=\"2024-11-29T07:08:44+00:00\" \/>\n<meta name=\"twitter:card\" content=\"summary_large_image\" \/>\n<script type=\"application\/ld+json\" class=\"yoast-schema-graph\">{\"@context\":\"https:\/\/schema.org\",\"@graph\":[{\"@type\":\"WebPage\",\"@id\":\"https:\/\/galio.lt\/lt\/xmas2024\/\",\"url\":\"https:\/\/galio.lt\/lt\/xmas2024\/\",\"name\":\"Galio group - Kal\u0117dos 2024\",\"isPartOf\":{\"@id\":\"https:\/\/galio.lt\/lt\/#website\"},\"datePublished\":\"2024-09-09T14:44:16+00:00\",\"dateModified\":\"2024-11-29T07:08:44+00:00\",\"description\":\"GALIO GROUP netik\u0117tai prabilusi Kal\u0117d\u0173 egl\u0117 linki Jums stebukling\u0173 ir jauki\u0173 art\u0117jan\u010di\u0173 \u0161ven\u010di\u0173 ir s\u0117kming\u0173 Nauj\u0173j\u0173 met\u0173!\",\"breadcrumb\":{\"@id\":\"https:\/\/galio.lt\/lt\/xmas2024\/#breadcrumb\"},\"inLanguage\":\"lt-LT\",\"potentialAction\":[{\"@type\":\"ReadAction\",\"target\":[\"https:\/\/galio.lt\/lt\/xmas2024\/\"]}]},{\"@type\":\"BreadcrumbList\",\"@id\":\"https:\/\/galio.lt\/lt\/xmas2024\/#breadcrumb\",\"itemListElement\":[{\"@type\":\"ListItem\",\"position\":1,\"name\":\"Home\",\"item\":\"https:\/\/galio.lt\/lt\/\"},{\"@type\":\"ListItem\",\"position\":2,\"name\":\"xmas2024\"}]},{\"@type\":\"WebSite\",\"@id\":\"https:\/\/galio.lt\/lt\/#website\",\"url\":\"https:\/\/galio.lt\/lt\/\",\"name\":\"Galio group\",\"description\":\"Naujas vardas biur\u0173 ir but\u0173 rinkoje.\",\"publisher\":{\"@id\":\"https:\/\/galio.lt\/lt\/#organization\"},\"potentialAction\":[{\"@type\":\"SearchAction\",\"target\":{\"@type\":\"EntryPoint\",\"urlTemplate\":\"https:\/\/galio.lt\/lt\/?s={search_term_string}\"},\"query-input\":{\"@type\":\"PropertyValueSpecification\",\"valueRequired\":true,\"valueName\":\"search_term_string\"}}],\"inLanguage\":\"lt-LT\"},{\"@type\":\"Organization\",\"@id\":\"https:\/\/galio.lt\/lt\/#organization\",\"name\":\"Galio group\",\"url\":\"https:\/\/galio.lt\/lt\/\",\"logo\":{\"@type\":\"ImageObject\",\"inLanguage\":\"lt-LT\",\"@id\":\"https:\/\/galio.lt\/lt\/#\/schema\/logo\/image\/\",\"url\":\"https:\/\/galio.lt\/wp-content\/uploads\/2020\/01\/login-logo.png\",\"contentUrl\":\"https:\/\/galio.lt\/wp-content\/uploads\/2020\/01\/login-logo.png\",\"width\":1826,\"height\":551,\"caption\":\"Galio group\"},\"image\":{\"@id\":\"https:\/\/galio.lt\/lt\/#\/schema\/logo\/image\/\"}}]}<\/script>\n<!-- \/ Yoast SEO plugin. -->","yoast_head_json":{"title":"Galio group - Kal\u0117dos 2024","description":"GALIO GROUP netik\u0117tai prabilusi Kal\u0117d\u0173 egl\u0117 linki Jums stebukling\u0173 ir jauki\u0173 art\u0117jan\u010di\u0173 \u0161ven\u010di\u0173 ir s\u0117kming\u0173 Nauj\u0173j\u0173 met\u0173!","robots":{"index":"index","follow":"follow","max-snippet":"max-snippet:-1","max-image-preview":"max-image-preview:large","max-video-preview":"max-video-preview:-1"},"canonical":"https:\/\/galio.lt\/lt\/xmas2024\/","og_locale":"lt_LT","og_type":"article","og_title":"Galio group - Kal\u0117dos 2024","og_description":"GALIO GROUP netik\u0117tai prabilusi Kal\u0117d\u0173 egl\u0117 linki Jums stebukling\u0173 ir jauki\u0173 art\u0117jan\u010di\u0173 \u0161ven\u010di\u0173 ir s\u0117kming\u0173 Nauj\u0173j\u0173 met\u0173!","og_url":"https:\/\/galio.lt\/lt\/xmas2024\/","og_site_name":"Galio group","article_modified_time":"2024-11-29T07:08:44+00:00","twitter_card":"summary_large_image","schema":{"@context":"https:\/\/schema.org","@graph":[{"@type":"WebPage","@id":"https:\/\/galio.lt\/lt\/xmas2024\/","url":"https:\/\/galio.lt\/lt\/xmas2024\/","name":"Galio group - Kal\u0117dos 2024","isPartOf":{"@id":"https:\/\/galio.lt\/lt\/#website"},"datePublished":"2024-09-09T14:44:16+00:00","dateModified":"2024-11-29T07:08:44+00:00","description":"GALIO GROUP netik\u0117tai prabilusi Kal\u0117d\u0173 egl\u0117 linki Jums stebukling\u0173 ir jauki\u0173 art\u0117jan\u010di\u0173 \u0161ven\u010di\u0173 ir s\u0117kming\u0173 Nauj\u0173j\u0173 met\u0173!","breadcrumb":{"@id":"https:\/\/galio.lt\/lt\/xmas2024\/#breadcrumb"},"inLanguage":"lt-LT","potentialAction":[{"@type":"ReadAction","target":["https:\/\/galio.lt\/lt\/xmas2024\/"]}]},{"@type":"BreadcrumbList","@id":"https:\/\/galio.lt\/lt\/xmas2024\/#breadcrumb","itemListElement":[{"@type":"ListItem","position":1,"name":"Home","item":"https:\/\/galio.lt\/lt\/"},{"@type":"ListItem","position":2,"name":"xmas2024"}]},{"@type":"WebSite","@id":"https:\/\/galio.lt\/lt\/#website","url":"https:\/\/galio.lt\/lt\/","name":"Galio group","description":"Naujas vardas biur\u0173 ir but\u0173 rinkoje.","publisher":{"@id":"https:\/\/galio.lt\/lt\/#organization"},"potentialAction":[{"@type":"SearchAction","target":{"@type":"EntryPoint","urlTemplate":"https:\/\/galio.lt\/lt\/?s={search_term_string}"},"query-input":{"@type":"PropertyValueSpecification","valueRequired":true,"valueName":"search_term_string"}}],"inLanguage":"lt-LT"},{"@type":"Organization","@id":"https:\/\/galio.lt\/lt\/#organization","name":"Galio group","url":"https:\/\/galio.lt\/lt\/","logo":{"@type":"ImageObject","inLanguage":"lt-LT","@id":"https:\/\/galio.lt\/lt\/#\/schema\/logo\/image\/","url":"https:\/\/galio.lt\/wp-content\/uploads\/2020\/01\/login-logo.png","contentUrl":"https:\/\/galio.lt\/wp-content\/uploads\/2020\/01\/login-logo.png","width":1826,"height":551,"caption":"Galio group"},"image":{"@id":"https:\/\/galio.lt\/lt\/#\/schema\/logo\/image\/"}}]}},"_links":{"self":[{"href":"https:\/\/galio.lt\/lt\/wp-json\/wp\/v2\/pages\/25455"}],"collection":[{"href":"https:\/\/galio.lt\/lt\/wp-json\/wp\/v2\/pages"}],"about":[{"href":"https:\/\/galio.lt\/lt\/wp-json\/wp\/v2\/types\/page"}],"author":[{"embeddable":true,"href":"https:\/\/galio.lt\/lt\/wp-json\/wp\/v2\/users\/3"}],"replies":[{"embeddable":true,"href":"https:\/\/galio.lt\/lt\/wp-json\/wp\/v2\/comments?post=25455"}],"version-history":[{"count":5,"href":"https:\/\/galio.lt\/lt\/wp-json\/wp\/v2\/pages\/25455\/revisions"}],"predecessor-version":[{"id":27837,"href":"https:\/\/galio.lt\/lt\/wp-json\/wp\/v2\/pages\/25455\/revisions\/27837"}],"wp:attachment":[{"href":"https:\/\/galio.lt\/lt\/wp-json\/wp\/v2\/media?parent=25455"}],"curies":[{"name":"wp","href":"https:\/\/api.w.org\/{rel}","templated":true}]}}