{"id":83,"date":"2019-12-31T12:26:32","date_gmt":"2019-12-31T12:26:32","guid":{"rendered":"http:\/\/localhost:8001\/?page_id=83"},"modified":"2021-10-13T10:41:23","modified_gmt":"2021-10-13T08:41:23","slug":"karjera","status":"publish","type":"page","link":"https:\/\/galio.lt\/lt\/karjera\/","title":{"rendered":"Prisijunkite prie m\u016bs\u0173 komandos"},"content":{"rendered":"","protected":false},"excerpt":{"rendered":"","protected":false},"author":1,"featured_media":3951,"parent":0,"menu_order":0,"comment_status":"closed","ping_status":"closed","template":"template-career.php","meta":{"_acf_changed":false,"footnotes":""},"class_list":["post-83","page","type-page","status-publish","has-post-thumbnail","hentry"],"acf":[],"yoast_head":"<!-- This site is optimized with the Yoast SEO plugin v23.6 - https:\/\/yoast.com\/wordpress\/plugins\/seo\/ -->\n<title>Darbo pasi\u016blymai | GALIO GROUP<\/title>\n<meta name=\"description\" content=\"UAB GALIO GROUP darbo pasi\u016blymai: prisijunkite prie m\u016bs\u0173 komandos ir prisid\u0117kite prie geresnio miesto k\u016brimo. Kreipkit\u0117s el. pa\u0161tu: karjera@galio.lt.\" \/>\n<meta name=\"robots\" content=\"index, follow, max-snippet:-1, max-image-preview:large, max-video-preview:-1\" \/>\n<link rel=\"canonical\" href=\"https:\/\/galio.lt\/lt\/karjera\/\" \/>\n<meta property=\"og:locale\" content=\"lt_LT\" \/>\n<meta property=\"og:type\" content=\"article\" \/>\n<meta property=\"og:title\" content=\"Darbo pasi\u016blymai | GALIO GROUP\" \/>\n<meta property=\"og:description\" content=\"UAB GALIO GROUP darbo pasi\u016blymai: prisijunkite prie m\u016bs\u0173 komandos ir prisid\u0117kite prie geresnio miesto k\u016brimo. Kreipkit\u0117s el. pa\u0161tu: karjera@galio.lt.\" \/>\n<meta property=\"og:url\" content=\"https:\/\/galio.lt\/lt\/karjera\/\" \/>\n<meta property=\"og:site_name\" content=\"Galio group\" \/>\n<meta property=\"article:modified_time\" content=\"2021-10-13T08:41:23+00:00\" \/>\n<meta property=\"og:image\" content=\"https:\/\/staging.galio.lt\/wp-content\/uploads\/2020\/02\/galio-og-img.png\" \/>\n\t<meta property=\"og:image:width\" content=\"1200\" \/>\n\t<meta property=\"og:image:height\" content=\"630\" \/>\n\t<meta property=\"og:image:type\" content=\"image\/png\" \/>\n<meta name=\"twitter:card\" content=\"summary_large_image\" \/>\n<script type=\"application\/ld+json\" class=\"yoast-schema-graph\">{\"@context\":\"https:\/\/schema.org\",\"@graph\":[{\"@type\":\"WebPage\",\"@id\":\"https:\/\/galio.lt\/lt\/karjera\/\",\"url\":\"https:\/\/galio.lt\/lt\/karjera\/\",\"name\":\"Darbo pasi\u016blymai | GALIO GROUP\",\"isPartOf\":{\"@id\":\"https:\/\/galio.lt\/lt\/#website\"},\"primaryImageOfPage\":{\"@id\":\"https:\/\/galio.lt\/lt\/karjera\/#primaryimage\"},\"image\":{\"@id\":\"https:\/\/galio.lt\/lt\/karjera\/#primaryimage\"},\"thumbnailUrl\":\"https:\/\/galio.lt\/wp-content\/uploads\/2020\/02\/galio-og-img.png\",\"datePublished\":\"2019-12-31T12:26:32+00:00\",\"dateModified\":\"2021-10-13T08:41:23+00:00\",\"description\":\"UAB GALIO GROUP darbo pasi\u016blymai: prisijunkite prie m\u016bs\u0173 komandos ir prisid\u0117kite prie geresnio miesto k\u016brimo. Kreipkit\u0117s el. pa\u0161tu: karjera@galio.lt.\",\"breadcrumb\":{\"@id\":\"https:\/\/galio.lt\/lt\/karjera\/#breadcrumb\"},\"inLanguage\":\"lt-LT\",\"potentialAction\":[{\"@type\":\"ReadAction\",\"target\":[\"https:\/\/galio.lt\/lt\/karjera\/\"]}]},{\"@type\":\"ImageObject\",\"inLanguage\":\"lt-LT\",\"@id\":\"https:\/\/galio.lt\/lt\/karjera\/#primaryimage\",\"url\":\"https:\/\/galio.lt\/wp-content\/uploads\/2020\/02\/galio-og-img.png\",\"contentUrl\":\"https:\/\/galio.lt\/wp-content\/uploads\/2020\/02\/galio-og-img.png\",\"width\":1200,\"height\":630,\"caption\":\"galio real estate\"},{\"@type\":\"BreadcrumbList\",\"@id\":\"https:\/\/galio.lt\/lt\/karjera\/#breadcrumb\",\"itemListElement\":[{\"@type\":\"ListItem\",\"position\":1,\"name\":\"Home\",\"item\":\"https:\/\/galio.lt\/lt\/\"},{\"@type\":\"ListItem\",\"position\":2,\"name\":\"Prisijunkite prie m\u016bs\u0173 komandos\"}]},{\"@type\":\"WebSite\",\"@id\":\"https:\/\/galio.lt\/lt\/#website\",\"url\":\"https:\/\/galio.lt\/lt\/\",\"name\":\"Galio group\",\"description\":\"Naujas vardas biur\u0173 ir but\u0173 rinkoje.\",\"publisher\":{\"@id\":\"https:\/\/galio.lt\/lt\/#organization\"},\"potentialAction\":[{\"@type\":\"SearchAction\",\"target\":{\"@type\":\"EntryPoint\",\"urlTemplate\":\"https:\/\/galio.lt\/lt\/?s={search_term_string}\"},\"query-input\":{\"@type\":\"PropertyValueSpecification\",\"valueRequired\":true,\"valueName\":\"search_term_string\"}}],\"inLanguage\":\"lt-LT\"},{\"@type\":\"Organization\",\"@id\":\"https:\/\/galio.lt\/lt\/#organization\",\"name\":\"Galio group\",\"url\":\"https:\/\/galio.lt\/lt\/\",\"logo\":{\"@type\":\"ImageObject\",\"inLanguage\":\"lt-LT\",\"@id\":\"https:\/\/galio.lt\/lt\/#\/schema\/logo\/image\/\",\"url\":\"https:\/\/galio.lt\/wp-content\/uploads\/2020\/01\/login-logo.png\",\"contentUrl\":\"https:\/\/galio.lt\/wp-content\/uploads\/2020\/01\/login-logo.png\",\"width\":1826,\"height\":551,\"caption\":\"Galio group\"},\"image\":{\"@id\":\"https:\/\/galio.lt\/lt\/#\/schema\/logo\/image\/\"}}]}<\/script>\n<!-- \/ Yoast SEO plugin. -->","yoast_head_json":{"title":"Darbo pasi\u016blymai | GALIO GROUP","description":"UAB GALIO GROUP darbo pasi\u016blymai: prisijunkite prie m\u016bs\u0173 komandos ir prisid\u0117kite prie geresnio miesto k\u016brimo. Kreipkit\u0117s el. pa\u0161tu: karjera@galio.lt.","robots":{"index":"index","follow":"follow","max-snippet":"max-snippet:-1","max-image-preview":"max-image-preview:large","max-video-preview":"max-video-preview:-1"},"canonical":"https:\/\/galio.lt\/lt\/karjera\/","og_locale":"lt_LT","og_type":"article","og_title":"Darbo pasi\u016blymai | GALIO GROUP","og_description":"UAB GALIO GROUP darbo pasi\u016blymai: prisijunkite prie m\u016bs\u0173 komandos ir prisid\u0117kite prie geresnio miesto k\u016brimo. Kreipkit\u0117s el. pa\u0161tu: karjera@galio.lt.","og_url":"https:\/\/galio.lt\/lt\/karjera\/","og_site_name":"Galio group","article_modified_time":"2021-10-13T08:41:23+00:00","og_image":[{"width":1200,"height":630,"url":"https:\/\/staging.galio.lt\/wp-content\/uploads\/2020\/02\/galio-og-img.png","type":"image\/png"}],"twitter_card":"summary_large_image","schema":{"@context":"https:\/\/schema.org","@graph":[{"@type":"WebPage","@id":"https:\/\/galio.lt\/lt\/karjera\/","url":"https:\/\/galio.lt\/lt\/karjera\/","name":"Darbo pasi\u016blymai | GALIO GROUP","isPartOf":{"@id":"https:\/\/galio.lt\/lt\/#website"},"primaryImageOfPage":{"@id":"https:\/\/galio.lt\/lt\/karjera\/#primaryimage"},"image":{"@id":"https:\/\/galio.lt\/lt\/karjera\/#primaryimage"},"thumbnailUrl":"https:\/\/galio.lt\/wp-content\/uploads\/2020\/02\/galio-og-img.png","datePublished":"2019-12-31T12:26:32+00:00","dateModified":"2021-10-13T08:41:23+00:00","description":"UAB GALIO GROUP darbo pasi\u016blymai: prisijunkite prie m\u016bs\u0173 komandos ir prisid\u0117kite prie geresnio miesto k\u016brimo. Kreipkit\u0117s el. pa\u0161tu: karjera@galio.lt.","breadcrumb":{"@id":"https:\/\/galio.lt\/lt\/karjera\/#breadcrumb"},"inLanguage":"lt-LT","potentialAction":[{"@type":"ReadAction","target":["https:\/\/galio.lt\/lt\/karjera\/"]}]},{"@type":"ImageObject","inLanguage":"lt-LT","@id":"https:\/\/galio.lt\/lt\/karjera\/#primaryimage","url":"https:\/\/galio.lt\/wp-content\/uploads\/2020\/02\/galio-og-img.png","contentUrl":"https:\/\/galio.lt\/wp-content\/uploads\/2020\/02\/galio-og-img.png","width":1200,"height":630,"caption":"galio real estate"},{"@type":"BreadcrumbList","@id":"https:\/\/galio.lt\/lt\/karjera\/#breadcrumb","itemListElement":[{"@type":"ListItem","position":1,"name":"Home","item":"https:\/\/galio.lt\/lt\/"},{"@type":"ListItem","position":2,"name":"Prisijunkite prie m\u016bs\u0173 komandos"}]},{"@type":"WebSite","@id":"https:\/\/galio.lt\/lt\/#website","url":"https:\/\/galio.lt\/lt\/","name":"Galio group","description":"Naujas vardas biur\u0173 ir but\u0173 rinkoje.","publisher":{"@id":"https:\/\/galio.lt\/lt\/#organization"},"potentialAction":[{"@type":"SearchAction","target":{"@type":"EntryPoint","urlTemplate":"https:\/\/galio.lt\/lt\/?s={search_term_string}"},"query-input":{"@type":"PropertyValueSpecification","valueRequired":true,"valueName":"search_term_string"}}],"inLanguage":"lt-LT"},{"@type":"Organization","@id":"https:\/\/galio.lt\/lt\/#organization","name":"Galio group","url":"https:\/\/galio.lt\/lt\/","logo":{"@type":"ImageObject","inLanguage":"lt-LT","@id":"https:\/\/galio.lt\/lt\/#\/schema\/logo\/image\/","url":"https:\/\/galio.lt\/wp-content\/uploads\/2020\/01\/login-logo.png","contentUrl":"https:\/\/galio.lt\/wp-content\/uploads\/2020\/01\/login-logo.png","width":1826,"height":551,"caption":"Galio group"},"image":{"@id":"https:\/\/galio.lt\/lt\/#\/schema\/logo\/image\/"}}]}},"_links":{"self":[{"href":"https:\/\/galio.lt\/lt\/wp-json\/wp\/v2\/pages\/83"}],"collection":[{"href":"https:\/\/galio.lt\/lt\/wp-json\/wp\/v2\/pages"}],"about":[{"href":"https:\/\/galio.lt\/lt\/wp-json\/wp\/v2\/types\/page"}],"author":[{"embeddable":true,"href":"https:\/\/galio.lt\/lt\/wp-json\/wp\/v2\/users\/1"}],"replies":[{"embeddable":true,"href":"https:\/\/galio.lt\/lt\/wp-json\/wp\/v2\/comments?post=83"}],"version-history":[{"count":0,"href":"https:\/\/galio.lt\/lt\/wp-json\/wp\/v2\/pages\/83\/revisions"}],"wp:featuredmedia":[{"embeddable":true,"href":"https:\/\/galio.lt\/lt\/wp-json\/wp\/v2\/media\/3951"}],"wp:attachment":[{"href":"https:\/\/galio.lt\/lt\/wp-json\/wp\/v2\/media?parent=83"}],"curies":[{"name":"wp","href":"https:\/\/api.w.org\/{rel}","templated":true}]}}