{"id":5707,"date":"2020-09-07T13:35:48","date_gmt":"2020-09-07T11:35:48","guid":{"rendered":"http:\/\/galio.lt\/jaunumi\/"},"modified":"2024-10-17T12:10:19","modified_gmt":"2024-10-17T10:10:19","slug":"jaunumi","status":"publish","type":"page","link":"https:\/\/galio.lt\/lv\/jaunumi\/","title":{"rendered":"Jaunumi"},"content":{"rendered":"","protected":false},"excerpt":{"rendered":"","protected":false},"author":1,"featured_media":0,"parent":0,"menu_order":0,"comment_status":"closed","ping_status":"closed","template":"template-news.php","meta":{"_acf_changed":false,"footnotes":""},"class_list":["post-5707","page","type-page","status-publish","hentry"],"acf":[],"yoast_head":"<!-- This site is optimized with the Yoast SEO plugin v23.6 - https:\/\/yoast.com\/wordpress\/plugins\/seo\/ -->\n<title>Jaunumi | GALIO GROUP<\/title>\n<meta name=\"description\" content=\"UAB GALIO GROUP jaunumi: pl\u0101notie, notieko\u0161ie un pabeigtie nekustamo \u012bpa\u0161umu att\u012bst\u012bbas projekti, jaun\u0101k\u0101s iniciat\u012bvas un cita inform\u0101cija.\" \/>\n<meta name=\"robots\" content=\"index, follow, max-snippet:-1, max-image-preview:large, max-video-preview:-1\" \/>\n<link rel=\"canonical\" href=\"https:\/\/galio.lt\/lv\/jaunumi\/\" \/>\n<meta property=\"og:locale\" content=\"lv_LV\" \/>\n<meta property=\"og:type\" content=\"article\" \/>\n<meta property=\"og:title\" content=\"Jaunumi | GALIO GROUP\" \/>\n<meta property=\"og:description\" content=\"UAB GALIO GROUP jaunumi: pl\u0101notie, notieko\u0161ie un pabeigtie nekustamo \u012bpa\u0161umu att\u012bst\u012bbas projekti, jaun\u0101k\u0101s iniciat\u012bvas un cita inform\u0101cija.\" \/>\n<meta property=\"og:url\" content=\"https:\/\/galio.lt\/lv\/jaunumi\/\" \/>\n<meta property=\"og:site_name\" content=\"Galio group\" \/>\n<meta property=\"article:modified_time\" content=\"2024-10-17T10:10:19+00:00\" \/>\n<meta name=\"twitter:card\" content=\"summary_large_image\" \/>\n<script type=\"application\/ld+json\" class=\"yoast-schema-graph\">{\"@context\":\"https:\/\/schema.org\",\"@graph\":[{\"@type\":\"WebPage\",\"@id\":\"https:\/\/galio.lt\/lv\/jaunumi\/\",\"url\":\"https:\/\/galio.lt\/lv\/jaunumi\/\",\"name\":\"Jaunumi | GALIO GROUP\",\"isPartOf\":{\"@id\":\"https:\/\/galio.lt\/lv\/#website\"},\"datePublished\":\"2020-09-07T11:35:48+00:00\",\"dateModified\":\"2024-10-17T10:10:19+00:00\",\"description\":\"UAB GALIO GROUP jaunumi: pl\u0101notie, notieko\u0161ie un pabeigtie nekustamo \u012bpa\u0161umu att\u012bst\u012bbas projekti, jaun\u0101k\u0101s iniciat\u012bvas un cita inform\u0101cija.\",\"breadcrumb\":{\"@id\":\"https:\/\/galio.lt\/lv\/jaunumi\/#breadcrumb\"},\"inLanguage\":\"lv-LV\",\"potentialAction\":[{\"@type\":\"ReadAction\",\"target\":[\"https:\/\/galio.lt\/lv\/jaunumi\/\"]}]},{\"@type\":\"BreadcrumbList\",\"@id\":\"https:\/\/galio.lt\/lv\/jaunumi\/#breadcrumb\",\"itemListElement\":[{\"@type\":\"ListItem\",\"position\":1,\"name\":\"Home\",\"item\":\"http:\/\/localhost\/galio.lt\/lv\/lv\/\"},{\"@type\":\"ListItem\",\"position\":2,\"name\":\"Jaunumi\"}]},{\"@type\":\"WebSite\",\"@id\":\"https:\/\/galio.lt\/lv\/#website\",\"url\":\"https:\/\/galio.lt\/lv\/\",\"name\":\"Galio group\",\"description\":\"Naujas vardas biur\u0173 ir but\u0173 rinkoje.\",\"publisher\":{\"@id\":\"https:\/\/galio.lt\/lv\/#organization\"},\"potentialAction\":[{\"@type\":\"SearchAction\",\"target\":{\"@type\":\"EntryPoint\",\"urlTemplate\":\"https:\/\/galio.lt\/lv\/?s={search_term_string}\"},\"query-input\":{\"@type\":\"PropertyValueSpecification\",\"valueRequired\":true,\"valueName\":\"search_term_string\"}}],\"inLanguage\":\"lv-LV\"},{\"@type\":\"Organization\",\"@id\":\"https:\/\/galio.lt\/lv\/#organization\",\"name\":\"Galio group\",\"url\":\"https:\/\/galio.lt\/lv\/\",\"logo\":{\"@type\":\"ImageObject\",\"inLanguage\":\"lv-LV\",\"@id\":\"https:\/\/galio.lt\/lv\/#\/schema\/logo\/image\/\",\"url\":\"https:\/\/galio.lt\/wp-content\/uploads\/2020\/01\/login-logo.png\",\"contentUrl\":\"https:\/\/galio.lt\/wp-content\/uploads\/2020\/01\/login-logo.png\",\"width\":1826,\"height\":551,\"caption\":\"Galio group\"},\"image\":{\"@id\":\"https:\/\/galio.lt\/lv\/#\/schema\/logo\/image\/\"}}]}<\/script>\n<!-- \/ Yoast SEO plugin. -->","yoast_head_json":{"title":"Jaunumi | GALIO GROUP","description":"UAB GALIO GROUP jaunumi: pl\u0101notie, notieko\u0161ie un pabeigtie nekustamo \u012bpa\u0161umu att\u012bst\u012bbas projekti, jaun\u0101k\u0101s iniciat\u012bvas un cita inform\u0101cija.","robots":{"index":"index","follow":"follow","max-snippet":"max-snippet:-1","max-image-preview":"max-image-preview:large","max-video-preview":"max-video-preview:-1"},"canonical":"https:\/\/galio.lt\/lv\/jaunumi\/","og_locale":"lv_LV","og_type":"article","og_title":"Jaunumi | GALIO GROUP","og_description":"UAB GALIO GROUP jaunumi: pl\u0101notie, notieko\u0161ie un pabeigtie nekustamo \u012bpa\u0161umu att\u012bst\u012bbas projekti, jaun\u0101k\u0101s iniciat\u012bvas un cita inform\u0101cija.","og_url":"https:\/\/galio.lt\/lv\/jaunumi\/","og_site_name":"Galio group","article_modified_time":"2024-10-17T10:10:19+00:00","twitter_card":"summary_large_image","schema":{"@context":"https:\/\/schema.org","@graph":[{"@type":"WebPage","@id":"https:\/\/galio.lt\/lv\/jaunumi\/","url":"https:\/\/galio.lt\/lv\/jaunumi\/","name":"Jaunumi | GALIO GROUP","isPartOf":{"@id":"https:\/\/galio.lt\/lv\/#website"},"datePublished":"2020-09-07T11:35:48+00:00","dateModified":"2024-10-17T10:10:19+00:00","description":"UAB GALIO GROUP jaunumi: pl\u0101notie, notieko\u0161ie un pabeigtie nekustamo \u012bpa\u0161umu att\u012bst\u012bbas projekti, jaun\u0101k\u0101s iniciat\u012bvas un cita inform\u0101cija.","breadcrumb":{"@id":"https:\/\/galio.lt\/lv\/jaunumi\/#breadcrumb"},"inLanguage":"lv-LV","potentialAction":[{"@type":"ReadAction","target":["https:\/\/galio.lt\/lv\/jaunumi\/"]}]},{"@type":"BreadcrumbList","@id":"https:\/\/galio.lt\/lv\/jaunumi\/#breadcrumb","itemListElement":[{"@type":"ListItem","position":1,"name":"Home","item":"http:\/\/localhost\/galio.lt\/lv\/lv\/"},{"@type":"ListItem","position":2,"name":"Jaunumi"}]},{"@type":"WebSite","@id":"https:\/\/galio.lt\/lv\/#website","url":"https:\/\/galio.lt\/lv\/","name":"Galio group","description":"Naujas vardas biur\u0173 ir but\u0173 rinkoje.","publisher":{"@id":"https:\/\/galio.lt\/lv\/#organization"},"potentialAction":[{"@type":"SearchAction","target":{"@type":"EntryPoint","urlTemplate":"https:\/\/galio.lt\/lv\/?s={search_term_string}"},"query-input":{"@type":"PropertyValueSpecification","valueRequired":true,"valueName":"search_term_string"}}],"inLanguage":"lv-LV"},{"@type":"Organization","@id":"https:\/\/galio.lt\/lv\/#organization","name":"Galio group","url":"https:\/\/galio.lt\/lv\/","logo":{"@type":"ImageObject","inLanguage":"lv-LV","@id":"https:\/\/galio.lt\/lv\/#\/schema\/logo\/image\/","url":"https:\/\/galio.lt\/wp-content\/uploads\/2020\/01\/login-logo.png","contentUrl":"https:\/\/galio.lt\/wp-content\/uploads\/2020\/01\/login-logo.png","width":1826,"height":551,"caption":"Galio group"},"image":{"@id":"https:\/\/galio.lt\/lv\/#\/schema\/logo\/image\/"}}]}},"_links":{"self":[{"href":"https:\/\/galio.lt\/lv\/wp-json\/wp\/v2\/pages\/5707"}],"collection":[{"href":"https:\/\/galio.lt\/lv\/wp-json\/wp\/v2\/pages"}],"about":[{"href":"https:\/\/galio.lt\/lv\/wp-json\/wp\/v2\/types\/page"}],"author":[{"embeddable":true,"href":"https:\/\/galio.lt\/lv\/wp-json\/wp\/v2\/users\/1"}],"replies":[{"embeddable":true,"href":"https:\/\/galio.lt\/lv\/wp-json\/wp\/v2\/comments?post=5707"}],"version-history":[{"count":1,"href":"https:\/\/galio.lt\/lv\/wp-json\/wp\/v2\/pages\/5707\/revisions"}],"predecessor-version":[{"id":27766,"href":"https:\/\/galio.lt\/lv\/wp-json\/wp\/v2\/pages\/5707\/revisions\/27766"}],"wp:attachment":[{"href":"https:\/\/galio.lt\/lv\/wp-json\/wp\/v2\/media?parent=5707"}],"curies":[{"name":"wp","href":"https:\/\/api.w.org\/{rel}","templated":true}]}}