{"id":5734,"date":"2020-09-10T10:24:00","date_gmt":"2020-09-10T08:24:00","guid":{"rendered":"http:\/\/galio.lt\/dzivojamas-telpas-kvalitativai-ikdienai\/"},"modified":"2024-10-17T12:10:10","modified_gmt":"2024-10-17T10:10:10","slug":"gyvenimui","status":"publish","type":"page","link":"https:\/\/galio.lt\/lv\/gyvenimui\/","title":{"rendered":"Dz\u012bvojam\u0101s telpas kvalitat\u012bvai ikdienai"},"content":{"rendered":"","protected":false},"excerpt":{"rendered":"","protected":false},"author":1,"featured_media":5685,"parent":0,"menu_order":0,"comment_status":"closed","ping_status":"closed","template":"template-private.php","meta":{"_acf_changed":false,"footnotes":""},"class_list":["post-5734","page","type-page","status-publish","has-post-thumbnail","hentry"],"acf":[],"yoast_head":"<!-- This site is optimized with the Yoast SEO plugin v23.6 - https:\/\/yoast.com\/wordpress\/plugins\/seo\/ -->\n<title>Dz\u012bvok\u013ci Vi\u013c\u0146a jaunie projekti | GALIO GROUP<\/title>\n<meta name=\"description\" content=\"M\u016bsdien\u012bgi jaunb\u016bves dz\u012bvok\u013ci Vi\u013c\u0146\u0101 \u0160nipi\u0161\u0137u, \u017dv\u0117rynas un citos rajonos: novatorisks pl\u0101nojums, p\u0101rdom\u0101ta iek\u0161\u0113j\u0101 infrastrukt\u016bra, nodro\u0161in\u0101ta dz\u012bves kvalit\u0101te.\" \/>\n<meta name=\"robots\" content=\"index, follow, max-snippet:-1, max-image-preview:large, max-video-preview:-1\" \/>\n<link rel=\"canonical\" href=\"https:\/\/galio.lt\/lv\/gyvenimui\/\" \/>\n<meta property=\"og:locale\" content=\"lv_LV\" \/>\n<meta property=\"og:type\" content=\"article\" \/>\n<meta property=\"og:title\" content=\"Dz\u012bvok\u013ci Vi\u013c\u0146a jaunie projekti | GALIO GROUP\" \/>\n<meta property=\"og:description\" content=\"M\u016bsdien\u012bgi jaunb\u016bves dz\u012bvok\u013ci Vi\u013c\u0146\u0101 \u0160nipi\u0161\u0137u, \u017dv\u0117rynas un citos rajonos: novatorisks pl\u0101nojums, p\u0101rdom\u0101ta iek\u0161\u0113j\u0101 infrastrukt\u016bra, nodro\u0161in\u0101ta dz\u012bves kvalit\u0101te.\" \/>\n<meta property=\"og:url\" content=\"https:\/\/galio.lt\/lv\/gyvenimui\/\" \/>\n<meta property=\"og:site_name\" content=\"Galio group\" \/>\n<meta property=\"article:modified_time\" content=\"2024-10-17T10:10:10+00:00\" \/>\n<meta property=\"og:image\" content=\"http:\/\/localhost\/galio.lt\/wp-content\/uploads\/2020\/02\/galio-og-img.png\" \/>\n\t<meta property=\"og:image:width\" content=\"1200\" \/>\n\t<meta property=\"og:image:height\" content=\"630\" \/>\n\t<meta property=\"og:image:type\" content=\"image\/png\" \/>\n<meta name=\"twitter:card\" content=\"summary_large_image\" \/>\n<script type=\"application\/ld+json\" class=\"yoast-schema-graph\">{\"@context\":\"https:\/\/schema.org\",\"@graph\":[{\"@type\":\"WebPage\",\"@id\":\"https:\/\/galio.lt\/lv\/gyvenimui\/\",\"url\":\"https:\/\/galio.lt\/lv\/gyvenimui\/\",\"name\":\"Dz\u012bvok\u013ci Vi\u013c\u0146a jaunie projekti | GALIO GROUP\",\"isPartOf\":{\"@id\":\"https:\/\/galio.lt\/lv\/#website\"},\"primaryImageOfPage\":{\"@id\":\"https:\/\/galio.lt\/lv\/gyvenimui\/#primaryimage\"},\"image\":{\"@id\":\"https:\/\/galio.lt\/lv\/gyvenimui\/#primaryimage\"},\"thumbnailUrl\":\"https:\/\/galio.lt\/wp-content\/uploads\/2020\/02\/galio-og-img.png\",\"datePublished\":\"2020-09-10T08:24:00+00:00\",\"dateModified\":\"2024-10-17T10:10:10+00:00\",\"description\":\"M\u016bsdien\u012bgi jaunb\u016bves dz\u012bvok\u013ci Vi\u013c\u0146\u0101 \u0160nipi\u0161\u0137u, \u017dv\u0117rynas un citos rajonos: novatorisks pl\u0101nojums, p\u0101rdom\u0101ta iek\u0161\u0113j\u0101 infrastrukt\u016bra, nodro\u0161in\u0101ta dz\u012bves kvalit\u0101te.\",\"breadcrumb\":{\"@id\":\"https:\/\/galio.lt\/lv\/gyvenimui\/#breadcrumb\"},\"inLanguage\":\"lv-LV\",\"potentialAction\":[{\"@type\":\"ReadAction\",\"target\":[\"https:\/\/galio.lt\/lv\/gyvenimui\/\"]}]},{\"@type\":\"ImageObject\",\"inLanguage\":\"lv-LV\",\"@id\":\"https:\/\/galio.lt\/lv\/gyvenimui\/#primaryimage\",\"url\":\"https:\/\/galio.lt\/wp-content\/uploads\/2020\/02\/galio-og-img.png\",\"contentUrl\":\"https:\/\/galio.lt\/wp-content\/uploads\/2020\/02\/galio-og-img.png\",\"width\":1200,\"height\":630,\"caption\":\"galio real estate\"},{\"@type\":\"BreadcrumbList\",\"@id\":\"https:\/\/galio.lt\/lv\/gyvenimui\/#breadcrumb\",\"itemListElement\":[{\"@type\":\"ListItem\",\"position\":1,\"name\":\"Home\",\"item\":\"http:\/\/localhost\/galio.lt\/lv\/lv\/\"},{\"@type\":\"ListItem\",\"position\":2,\"name\":\"Dz\u012bvojam\u0101s telpas kvalitat\u012bvai ikdienai\"}]},{\"@type\":\"WebSite\",\"@id\":\"https:\/\/galio.lt\/lv\/#website\",\"url\":\"https:\/\/galio.lt\/lv\/\",\"name\":\"Galio group\",\"description\":\"Naujas vardas biur\u0173 ir but\u0173 rinkoje.\",\"publisher\":{\"@id\":\"https:\/\/galio.lt\/lv\/#organization\"},\"potentialAction\":[{\"@type\":\"SearchAction\",\"target\":{\"@type\":\"EntryPoint\",\"urlTemplate\":\"https:\/\/galio.lt\/lv\/?s={search_term_string}\"},\"query-input\":{\"@type\":\"PropertyValueSpecification\",\"valueRequired\":true,\"valueName\":\"search_term_string\"}}],\"inLanguage\":\"lv-LV\"},{\"@type\":\"Organization\",\"@id\":\"https:\/\/galio.lt\/lv\/#organization\",\"name\":\"Galio group\",\"url\":\"https:\/\/galio.lt\/lv\/\",\"logo\":{\"@type\":\"ImageObject\",\"inLanguage\":\"lv-LV\",\"@id\":\"https:\/\/galio.lt\/lv\/#\/schema\/logo\/image\/\",\"url\":\"https:\/\/galio.lt\/wp-content\/uploads\/2020\/01\/login-logo.png\",\"contentUrl\":\"https:\/\/galio.lt\/wp-content\/uploads\/2020\/01\/login-logo.png\",\"width\":1826,\"height\":551,\"caption\":\"Galio group\"},\"image\":{\"@id\":\"https:\/\/galio.lt\/lv\/#\/schema\/logo\/image\/\"}}]}<\/script>\n<!-- \/ Yoast SEO plugin. -->","yoast_head_json":{"title":"Dz\u012bvok\u013ci Vi\u013c\u0146a jaunie projekti | GALIO GROUP","description":"M\u016bsdien\u012bgi jaunb\u016bves dz\u012bvok\u013ci Vi\u013c\u0146\u0101 \u0160nipi\u0161\u0137u, \u017dv\u0117rynas un citos rajonos: novatorisks pl\u0101nojums, p\u0101rdom\u0101ta iek\u0161\u0113j\u0101 infrastrukt\u016bra, nodro\u0161in\u0101ta dz\u012bves kvalit\u0101te.","robots":{"index":"index","follow":"follow","max-snippet":"max-snippet:-1","max-image-preview":"max-image-preview:large","max-video-preview":"max-video-preview:-1"},"canonical":"https:\/\/galio.lt\/lv\/gyvenimui\/","og_locale":"lv_LV","og_type":"article","og_title":"Dz\u012bvok\u013ci Vi\u013c\u0146a jaunie projekti | GALIO GROUP","og_description":"M\u016bsdien\u012bgi jaunb\u016bves dz\u012bvok\u013ci Vi\u013c\u0146\u0101 \u0160nipi\u0161\u0137u, \u017dv\u0117rynas un citos rajonos: novatorisks pl\u0101nojums, p\u0101rdom\u0101ta iek\u0161\u0113j\u0101 infrastrukt\u016bra, nodro\u0161in\u0101ta dz\u012bves kvalit\u0101te.","og_url":"https:\/\/galio.lt\/lv\/gyvenimui\/","og_site_name":"Galio group","article_modified_time":"2024-10-17T10:10:10+00:00","og_image":[{"width":1200,"height":630,"url":"http:\/\/localhost\/galio.lt\/wp-content\/uploads\/2020\/02\/galio-og-img.png","type":"image\/png"}],"twitter_card":"summary_large_image","schema":{"@context":"https:\/\/schema.org","@graph":[{"@type":"WebPage","@id":"https:\/\/galio.lt\/lv\/gyvenimui\/","url":"https:\/\/galio.lt\/lv\/gyvenimui\/","name":"Dz\u012bvok\u013ci Vi\u013c\u0146a jaunie projekti | GALIO GROUP","isPartOf":{"@id":"https:\/\/galio.lt\/lv\/#website"},"primaryImageOfPage":{"@id":"https:\/\/galio.lt\/lv\/gyvenimui\/#primaryimage"},"image":{"@id":"https:\/\/galio.lt\/lv\/gyvenimui\/#primaryimage"},"thumbnailUrl":"https:\/\/galio.lt\/wp-content\/uploads\/2020\/02\/galio-og-img.png","datePublished":"2020-09-10T08:24:00+00:00","dateModified":"2024-10-17T10:10:10+00:00","description":"M\u016bsdien\u012bgi jaunb\u016bves dz\u012bvok\u013ci Vi\u013c\u0146\u0101 \u0160nipi\u0161\u0137u, \u017dv\u0117rynas un citos rajonos: novatorisks pl\u0101nojums, p\u0101rdom\u0101ta iek\u0161\u0113j\u0101 infrastrukt\u016bra, nodro\u0161in\u0101ta dz\u012bves kvalit\u0101te.","breadcrumb":{"@id":"https:\/\/galio.lt\/lv\/gyvenimui\/#breadcrumb"},"inLanguage":"lv-LV","potentialAction":[{"@type":"ReadAction","target":["https:\/\/galio.lt\/lv\/gyvenimui\/"]}]},{"@type":"ImageObject","inLanguage":"lv-LV","@id":"https:\/\/galio.lt\/lv\/gyvenimui\/#primaryimage","url":"https:\/\/galio.lt\/wp-content\/uploads\/2020\/02\/galio-og-img.png","contentUrl":"https:\/\/galio.lt\/wp-content\/uploads\/2020\/02\/galio-og-img.png","width":1200,"height":630,"caption":"galio real estate"},{"@type":"BreadcrumbList","@id":"https:\/\/galio.lt\/lv\/gyvenimui\/#breadcrumb","itemListElement":[{"@type":"ListItem","position":1,"name":"Home","item":"http:\/\/localhost\/galio.lt\/lv\/lv\/"},{"@type":"ListItem","position":2,"name":"Dz\u012bvojam\u0101s telpas kvalitat\u012bvai ikdienai"}]},{"@type":"WebSite","@id":"https:\/\/galio.lt\/lv\/#website","url":"https:\/\/galio.lt\/lv\/","name":"Galio group","description":"Naujas vardas biur\u0173 ir but\u0173 rinkoje.","publisher":{"@id":"https:\/\/galio.lt\/lv\/#organization"},"potentialAction":[{"@type":"SearchAction","target":{"@type":"EntryPoint","urlTemplate":"https:\/\/galio.lt\/lv\/?s={search_term_string}"},"query-input":{"@type":"PropertyValueSpecification","valueRequired":true,"valueName":"search_term_string"}}],"inLanguage":"lv-LV"},{"@type":"Organization","@id":"https:\/\/galio.lt\/lv\/#organization","name":"Galio group","url":"https:\/\/galio.lt\/lv\/","logo":{"@type":"ImageObject","inLanguage":"lv-LV","@id":"https:\/\/galio.lt\/lv\/#\/schema\/logo\/image\/","url":"https:\/\/galio.lt\/wp-content\/uploads\/2020\/01\/login-logo.png","contentUrl":"https:\/\/galio.lt\/wp-content\/uploads\/2020\/01\/login-logo.png","width":1826,"height":551,"caption":"Galio group"},"image":{"@id":"https:\/\/galio.lt\/lv\/#\/schema\/logo\/image\/"}}]}},"_links":{"self":[{"href":"https:\/\/galio.lt\/lv\/wp-json\/wp\/v2\/pages\/5734"}],"collection":[{"href":"https:\/\/galio.lt\/lv\/wp-json\/wp\/v2\/pages"}],"about":[{"href":"https:\/\/galio.lt\/lv\/wp-json\/wp\/v2\/types\/page"}],"author":[{"embeddable":true,"href":"https:\/\/galio.lt\/lv\/wp-json\/wp\/v2\/users\/1"}],"replies":[{"embeddable":true,"href":"https:\/\/galio.lt\/lv\/wp-json\/wp\/v2\/comments?post=5734"}],"version-history":[{"count":1,"href":"https:\/\/galio.lt\/lv\/wp-json\/wp\/v2\/pages\/5734\/revisions"}],"predecessor-version":[{"id":25478,"href":"https:\/\/galio.lt\/lv\/wp-json\/wp\/v2\/pages\/5734\/revisions\/25478"}],"wp:featuredmedia":[{"embeddable":true,"href":"https:\/\/galio.lt\/lv\/wp-json\/wp\/v2\/media\/5685"}],"wp:attachment":[{"href":"https:\/\/galio.lt\/lv\/wp-json\/wp\/v2\/media?parent=5734"}],"curies":[{"name":"wp","href":"https:\/\/api.w.org\/{rel}","templated":true}]}}